{"id":1576,"date":"2023-11-07T20:39:12","date_gmt":"2023-11-07T23:39:12","guid":{"rendered":"https:\/\/congresso2023.anamt.org.br\/?page_id=1576"},"modified":"2023-11-19T15:35:14","modified_gmt":"2023-11-19T18:35:14","slug":"trabalhos-cientificos-envio-de-resumos","status":"publish","type":"page","link":"https:\/\/congresso2023.anamt.org.br\/?page_id=1576","title":{"rendered":"Trabalhos Cient\u00edficos &#8211; Envio de Resumos"},"content":{"rendered":"\t\t<div data-elementor-type=\"wp-page\" data-elementor-id=\"1576\" class=\"elementor elementor-1576\">\n\t\t\t\t\t\t\t\t\t<section class=\"elementor-section elementor-top-section elementor-element elementor-element-2f55e2de elementor-section-items-stretch elementor-section-height-min-height elementor-section-boxed elementor-section-height-default\" data-id=\"2f55e2de\" data-element_type=\"section\" data-settings=\"{&quot;background_background&quot;:&quot;classic&quot;}\">\n\t\t\t\t\t\t\t<div class=\"elementor-background-overlay\"><\/div>\n\t\t\t\t\t\t\t<div class=\"elementor-container elementor-column-gap-no\">\n\t\t\t\t\t<div class=\"elementor-column elementor-col-100 elementor-top-column elementor-element elementor-element-24bbaf36\" data-id=\"24bbaf36\" data-element_type=\"column\" data-settings=\"{&quot;background_background&quot;:&quot;classic&quot;}\">\n\t\t\t<div class=\"elementor-widget-wrap elementor-element-populated\">\n\t\t\t\t\t<div class=\"elementor-background-overlay\"><\/div>\n\t\t\t\t\t\t\t\t<section class=\"elementor-section elementor-inner-section elementor-element elementor-element-d3830e9 elementor-reverse-tablet elementor-reverse-mobile elementor-section-full_width elementor-section-height-min-height elementor-section-height-default\" data-id=\"d3830e9\" data-element_type=\"section\">\n\t\t\t\t\t\t<div class=\"elementor-container elementor-column-gap-no\">\n\t\t\t\t\t<div class=\"elementor-column elementor-col-100 elementor-inner-column elementor-element elementor-element-7733a043\" data-id=\"7733a043\" data-element_type=\"column\">\n\t\t\t<div class=\"elementor-widget-wrap elementor-element-populated\">\n\t\t\t\t\t\t\t\t<div class=\"elementor-element elementor-element-655b5bbb elementor-widget elementor-widget-elementskit-heading\" data-id=\"655b5bbb\" data-element_type=\"widget\" data-widget_type=\"elementskit-heading.default\">\n\t\t\t\t<div class=\"elementor-widget-container\">\n\t\t\t<div class=\"ekit-wid-con\" ><div class=\"ekit-heading elementskit-section-title-wraper text_center   ekit_heading_tablet-   ekit_heading_mobile-\"><h2 class=\"ekit-heading--title elementskit-section-title \">Trabalhos Cient\u00edficos<\/h2><h3 class=\"ekit-heading--subtitle elementskit-section-subtitle  \">\n\t\t\t\t\t\tO congresso\n\t\t\t\t\t<\/h3><\/div><\/div>\t\t<\/div>\n\t\t\t\t<\/div>\n\t\t\t\t<div class=\"elementor-element elementor-element-9754aed elementor-widget elementor-widget-spacer\" data-id=\"9754aed\" data-element_type=\"widget\" data-widget_type=\"spacer.default\">\n\t\t\t\t<div class=\"elementor-widget-container\">\n\t\t\t<style>\/*! elementor - v3.10.0 - 09-01-2023 *\/\n.elementor-column .elementor-spacer-inner{height:var(--spacer-size)}.e-con{--container-widget-width:100%}.e-con-inner>.elementor-widget-spacer,.e-con>.elementor-widget-spacer{width:var(--container-widget-width,var(--spacer-size));--align-self:var(--container-widget-align-self,initial);--flex-shrink:0}.e-con-inner>.elementor-widget-spacer>.elementor-widget-container,.e-con-inner>.elementor-widget-spacer>.elementor-widget-container>.elementor-spacer,.e-con>.elementor-widget-spacer>.elementor-widget-container,.e-con>.elementor-widget-spacer>.elementor-widget-container>.elementor-spacer{height:100%}.e-con-inner>.elementor-widget-spacer>.elementor-widget-container>.elementor-spacer>.elementor-spacer-inner,.e-con>.elementor-widget-spacer>.elementor-widget-container>.elementor-spacer>.elementor-spacer-inner{height:var(--container-widget-height,var(--spacer-size))}<\/style>\t\t<div class=\"elementor-spacer\">\n\t\t\t<div class=\"elementor-spacer-inner\"><\/div>\n\t\t<\/div>\n\t\t\t\t<\/div>\n\t\t\t\t<\/div>\n\t\t\t\t<div class=\"elementor-element elementor-element-229ef8e1 elementor-widget elementor-widget-text-editor\" data-id=\"229ef8e1\" data-element_type=\"widget\" data-widget_type=\"text-editor.default\">\n\t\t\t\t<div class=\"elementor-widget-container\">\n\t\t\t<style>\/*! elementor - v3.10.0 - 09-01-2023 *\/\n.elementor-widget-text-editor.elementor-drop-cap-view-stacked .elementor-drop-cap{background-color:#818a91;color:#fff}.elementor-widget-text-editor.elementor-drop-cap-view-framed .elementor-drop-cap{color:#818a91;border:3px solid;background-color:transparent}.elementor-widget-text-editor:not(.elementor-drop-cap-view-default) .elementor-drop-cap{margin-top:8px}.elementor-widget-text-editor:not(.elementor-drop-cap-view-default) .elementor-drop-cap-letter{width:1em;height:1em}.elementor-widget-text-editor .elementor-drop-cap{float:left;text-align:center;line-height:1;font-size:50px}.elementor-widget-text-editor .elementor-drop-cap-letter{display:inline-block}<\/style>\t\t\t\t<p>Veja aqui todas as orienta\u00e7\u00f5es sobre como participar dos Trabalhos Cient\u00edficos no 20\u00ba Congresso Nacional ANAMT.<\/p>\t\t\t\t\t\t<\/div>\n\t\t\t\t<\/div>\n\t\t\t\t<div class=\"elementor-element elementor-element-5834254 elementor-widget elementor-widget-spacer\" data-id=\"5834254\" data-element_type=\"widget\" data-widget_type=\"spacer.default\">\n\t\t\t\t<div class=\"elementor-widget-container\">\n\t\t\t\t\t<div class=\"elementor-spacer\">\n\t\t\t<div class=\"elementor-spacer-inner\"><\/div>\n\t\t<\/div>\n\t\t\t\t<\/div>\n\t\t\t\t<\/div>\n\t\t\t\t\t<\/div>\n\t\t<\/div>\n\t\t\t\t\t\t\t<\/div>\n\t\t<\/section>\n\t\t\t\t\t<\/div>\n\t\t<\/div>\n\t\t\t\t\t\t\t<\/div>\n\t\t<\/section>\n\t\t\t\t<section class=\"elementor-section elementor-top-section elementor-element elementor-element-44cc981b elementor-section-boxed elementor-section-height-default elementor-section-height-default\" data-id=\"44cc981b\" data-element_type=\"section\">\n\t\t\t\t\t\t<div class=\"elementor-container elementor-column-gap-no\">\n\t\t\t\t\t<div class=\"elementor-column elementor-col-100 elementor-top-column elementor-element elementor-element-255f8e06\" data-id=\"255f8e06\" data-element_type=\"column\">\n\t\t\t<div class=\"elementor-widget-wrap elementor-element-populated\">\n\t\t\t\t\t\t\t\t<section class=\"elementor-section elementor-inner-section elementor-element elementor-element-4125b64d elementor-section-boxed elementor-section-height-default elementor-section-height-default\" data-id=\"4125b64d\" data-element_type=\"section\">\n\t\t\t\t\t\t<div class=\"elementor-container elementor-column-gap-no\">\n\t\t\t\t\t<div class=\"elementor-column elementor-col-100 elementor-inner-column elementor-element elementor-element-5eed9501\" data-id=\"5eed9501\" data-element_type=\"column\">\n\t\t\t<div class=\"elementor-widget-wrap elementor-element-populated\">\n\t\t\t\t\t\t\t\t<section class=\"elementor-section elementor-inner-section elementor-element elementor-element-189b58d2 elementor-section-boxed elementor-section-height-default elementor-section-height-default\" data-id=\"189b58d2\" data-element_type=\"section\">\n\t\t\t\t\t\t<div class=\"elementor-container elementor-column-gap-no\">\n\t\t\t\t\t<div class=\"elementor-column elementor-col-100 elementor-inner-column elementor-element elementor-element-600a63a4\" data-id=\"600a63a4\" data-element_type=\"column\">\n\t\t\t<div class=\"elementor-widget-wrap elementor-element-populated\">\n\t\t\t\t\t\t\t\t<div class=\"elementor-element elementor-element-4c2a9a8 elementor-widget elementor-widget-heading\" data-id=\"4c2a9a8\" data-element_type=\"widget\" data-widget_type=\"heading.default\">\n\t\t\t\t<div class=\"elementor-widget-container\">\n\t\t\t<style>\/*! elementor - v3.10.0 - 09-01-2023 *\/\n.elementor-heading-title{padding:0;margin:0;line-height:1}.elementor-widget-heading .elementor-heading-title[class*=elementor-size-]>a{color:inherit;font-size:inherit;line-height:inherit}.elementor-widget-heading .elementor-heading-title.elementor-size-small{font-size:15px}.elementor-widget-heading .elementor-heading-title.elementor-size-medium{font-size:19px}.elementor-widget-heading .elementor-heading-title.elementor-size-large{font-size:29px}.elementor-widget-heading .elementor-heading-title.elementor-size-xl{font-size:39px}.elementor-widget-heading .elementor-heading-title.elementor-size-xxl{font-size:59px}<\/style><h2 class=\"elementor-heading-title elementor-size-default\">Envio da Apresenta\u00e7\u00e3o via E-p\u00f4ster do Trabalho Cient\u00edfico<\/h2>\t\t<\/div>\n\t\t\t\t<\/div>\n\t\t\t\t<div class=\"elementor-element elementor-element-c600a7c elementor-widget elementor-widget-text-editor\" data-id=\"c600a7c\" data-element_type=\"widget\" data-widget_type=\"text-editor.default\">\n\t\t\t\t<div class=\"elementor-widget-container\">\n\t\t\t\t\t\t\t<p>Abaixo encontra-se o formul\u00e1rio para preenchimento e envio do arquivo de apresenta\u00e7\u00e3o via e-p\u00f4ster do trabalho cient\u00edfico em dois formatos diferentes:<\/p><ul><li><span style=\"color: #ff0000;\"><strong>Arquivo do tipo PDF<\/strong><\/span><\/li><li><span style=\"color: #ff0000;\"><strong>Arquivo de imagem de boa qualidade do tipo PNG.<\/strong><\/span><\/li><\/ul><p><span style=\"color: var( --e-global-color-text ); font-family: var( --e-global-typography-f500460-font-family ), Sans-serif; font-size: var( --e-global-typography-f500460-font-size ); font-weight: var( --e-global-typography-f500460-font-weight ); letter-spacing: var( --e-global-typography-f500460-letter-spacing ); word-spacing: var( --e-global-typography-f500460-word-spacing );\"><br \/>Os dois modelos de apresenta\u00e7\u00e3o encontra-se dispon\u00edvel para download e o e-p\u00f4ster dever\u00e1 ser convertido para PDF e PNG, para posteriormente ser anexado no formul\u00e1rio abaixo.<\/span><\/p><p>O arquivo PDF e PNG dever\u00e1 ter o tamanho m\u00e1ximo de 5mb.<\/p><p>Aten\u00e7\u00e3o ao preenchimento dos dados do formul\u00e1rio.<\/p>\t\t\t\t\t\t<\/div>\n\t\t\t\t<\/div>\n\t\t\t\t<div class=\"elementor-element elementor-element-28119fd elementor-widget elementor-widget-heading\" data-id=\"28119fd\" data-element_type=\"widget\" data-widget_type=\"heading.default\">\n\t\t\t\t<div class=\"elementor-widget-container\">\n\t\t\t<h4 class=\"elementor-heading-title elementor-size-default\">Orienta\u00e7\u00f5es<\/h4>\t\t<\/div>\n\t\t\t\t<\/div>\n\t\t\t\t<div class=\"elementor-element elementor-element-3f90162 elementor-widget elementor-widget-text-editor\" data-id=\"3f90162\" data-element_type=\"widget\" data-widget_type=\"text-editor.default\">\n\t\t\t\t<div class=\"elementor-widget-container\">\n\t\t\t\t\t\t\t<p>Clique para fazer o download do <strong>Modelo de e-p\u00f4ster: <a href=\"https:\/\/congresso2023.anamt.org.br\/wp-content\/uploads\/2023\/11\/modelo-e-poster-1.docx\" target=\"_blank\" rel=\"noopener\">Modelo 1<\/a> ou <a href=\"https:\/\/congresso2023.anamt.org.br\/wp-content\/uploads\/2023\/11\/modelo-e-poster-2docx.docx\" target=\"_blank\" rel=\"noopener\">Modelo 2<\/a><\/strong><\/p>\t\t\t\t\t\t<\/div>\n\t\t\t\t<\/div>\n\t\t\t\t<div class=\"elementor-element elementor-element-7b07be1 elementor-widget elementor-widget-heading\" data-id=\"7b07be1\" data-element_type=\"widget\" data-widget_type=\"heading.default\">\n\t\t\t\t<div class=\"elementor-widget-container\">\n\t\t\t<h4 class=\"elementor-heading-title elementor-size-default\">Formul\u00e1rio para envio do resumo<\/h4>\t\t<\/div>\n\t\t\t\t<\/div>\n\t\t\t\t<div class=\"elementor-element elementor-element-ff7afc0 elementor-widget elementor-widget-text-editor\" data-id=\"ff7afc0\" data-element_type=\"widget\" data-widget_type=\"text-editor.default\">\n\t\t\t\t<div class=\"elementor-widget-container\">\n\t\t\t\t\t\t\t<p><span style=\"color: #ff0000;\"><strong>Per\u00edodo para envio de e-p\u00f4ster encerrado.<\/strong><\/span><\/p>\t\t\t\t\t\t<\/div>\n\t\t\t\t<\/div>\n\t\t\t\t\t<\/div>\n\t\t<\/div>\n\t\t\t\t\t\t\t<\/div>\n\t\t<\/section>\n\t\t\t\t\t<\/div>\n\t\t<\/div>\n\t\t\t\t\t\t\t<\/div>\n\t\t<\/section>\n\t\t\t\t\t<\/div>\n\t\t<\/div>\n\t\t\t\t\t\t\t<\/div>\n\t\t<\/section>\n\t\t\t\t\t\t\t<\/div>\n\t\t","protected":false},"excerpt":{"rendered":"<p>Trabalhos Cient\u00edficos O congresso Veja aqui todas as orienta\u00e7\u00f5es sobre como participar dos Trabalhos Cient\u00edficos no 20\u00ba Congresso Nacional ANAMT. Envio da Apresenta\u00e7\u00e3o via E-p\u00f4ster do Trabalho Cient\u00edfico Abaixo encontra-se o formul\u00e1rio para preenchimento e envio do arquivo de apresenta\u00e7\u00e3o via e-p\u00f4ster do trabalho cient\u00edfico em dois formatos diferentes: Arquivo do tipo PDF Arquivo de [&hellip;]<\/p>\n","protected":false},"author":3,"featured_media":0,"parent":0,"menu_order":0,"comment_status":"closed","ping_status":"closed","template":"elementor_header_footer","meta":{"_joinchat":[],"footnotes":""},"class_list":["post-1576","page","type-page","status-publish","hentry"],"_links":{"self":[{"href":"https:\/\/congresso2023.anamt.org.br\/index.php?rest_route=\/wp\/v2\/pages\/1576","targetHints":{"allow":["GET"]}}],"collection":[{"href":"https:\/\/congresso2023.anamt.org.br\/index.php?rest_route=\/wp\/v2\/pages"}],"about":[{"href":"https:\/\/congresso2023.anamt.org.br\/index.php?rest_route=\/wp\/v2\/types\/page"}],"author":[{"embeddable":true,"href":"https:\/\/congresso2023.anamt.org.br\/index.php?rest_route=\/wp\/v2\/users\/3"}],"replies":[{"embeddable":true,"href":"https:\/\/congresso2023.anamt.org.br\/index.php?rest_route=%2Fwp%2Fv2%2Fcomments&post=1576"}],"version-history":[{"count":16,"href":"https:\/\/congresso2023.anamt.org.br\/index.php?rest_route=\/wp\/v2\/pages\/1576\/revisions"}],"predecessor-version":[{"id":1707,"href":"https:\/\/congresso2023.anamt.org.br\/index.php?rest_route=\/wp\/v2\/pages\/1576\/revisions\/1707"}],"wp:attachment":[{"href":"https:\/\/congresso2023.anamt.org.br\/index.php?rest_route=%2Fwp%2Fv2%2Fmedia&parent=1576"}],"curies":[{"name":"wp","href":"https:\/\/api.w.org\/{rel}","templated":true}]}}