{"id":502,"date":"2023-03-07T10:43:08","date_gmt":"2023-03-07T13:43:08","guid":{"rendered":"https:\/\/congresso2023.anamt.org.br\/?page_id=502"},"modified":"2023-11-19T15:32:27","modified_gmt":"2023-11-19T18:32:27","slug":"trabalhos-cientificos","status":"publish","type":"page","link":"https:\/\/congresso2023.anamt.org.br\/?page_id=502","title":{"rendered":"Trabalhos Cient\u00edficos"},"content":{"rendered":"\t\t<div data-elementor-type=\"wp-page\" data-elementor-id=\"502\" class=\"elementor elementor-502\">\n\t\t\t\t\t\t\t\t\t<section class=\"elementor-section elementor-top-section elementor-element elementor-element-2f55e2de elementor-section-items-stretch elementor-section-height-min-height elementor-section-boxed elementor-section-height-default\" data-id=\"2f55e2de\" data-element_type=\"section\" data-settings=\"{&quot;background_background&quot;:&quot;classic&quot;}\">\n\t\t\t\t\t\t\t<div class=\"elementor-background-overlay\"><\/div>\n\t\t\t\t\t\t\t<div class=\"elementor-container elementor-column-gap-no\">\n\t\t\t\t\t<div class=\"elementor-column elementor-col-100 elementor-top-column elementor-element elementor-element-24bbaf36\" data-id=\"24bbaf36\" data-element_type=\"column\" data-settings=\"{&quot;background_background&quot;:&quot;classic&quot;}\">\n\t\t\t<div class=\"elementor-widget-wrap elementor-element-populated\">\n\t\t\t\t\t<div class=\"elementor-background-overlay\"><\/div>\n\t\t\t\t\t\t\t\t<section class=\"elementor-section elementor-inner-section elementor-element elementor-element-d3830e9 elementor-reverse-tablet elementor-reverse-mobile elementor-section-full_width elementor-section-height-min-height elementor-section-height-default\" data-id=\"d3830e9\" data-element_type=\"section\">\n\t\t\t\t\t\t<div class=\"elementor-container elementor-column-gap-no\">\n\t\t\t\t\t<div class=\"elementor-column elementor-col-100 elementor-inner-column elementor-element elementor-element-7733a043\" data-id=\"7733a043\" data-element_type=\"column\">\n\t\t\t<div class=\"elementor-widget-wrap elementor-element-populated\">\n\t\t\t\t\t\t\t\t<div class=\"elementor-element elementor-element-655b5bbb elementor-widget elementor-widget-elementskit-heading\" data-id=\"655b5bbb\" data-element_type=\"widget\" data-widget_type=\"elementskit-heading.default\">\n\t\t\t\t<div class=\"elementor-widget-container\">\n\t\t\t<div class=\"ekit-wid-con\" ><div class=\"ekit-heading elementskit-section-title-wraper text_center   ekit_heading_tablet-   ekit_heading_mobile-\"><h2 class=\"ekit-heading--title elementskit-section-title \">Trabalhos Cient\u00edficos<\/h2><h3 class=\"ekit-heading--subtitle elementskit-section-subtitle  \">\n\t\t\t\t\t\tO congresso\n\t\t\t\t\t<\/h3><\/div><\/div>\t\t<\/div>\n\t\t\t\t<\/div>\n\t\t\t\t<div class=\"elementor-element elementor-element-9754aed elementor-widget elementor-widget-spacer\" data-id=\"9754aed\" data-element_type=\"widget\" data-widget_type=\"spacer.default\">\n\t\t\t\t<div class=\"elementor-widget-container\">\n\t\t\t<style>\/*! elementor - v3.10.0 - 09-01-2023 *\/\n.elementor-column .elementor-spacer-inner{height:var(--spacer-size)}.e-con{--container-widget-width:100%}.e-con-inner>.elementor-widget-spacer,.e-con>.elementor-widget-spacer{width:var(--container-widget-width,var(--spacer-size));--align-self:var(--container-widget-align-self,initial);--flex-shrink:0}.e-con-inner>.elementor-widget-spacer>.elementor-widget-container,.e-con-inner>.elementor-widget-spacer>.elementor-widget-container>.elementor-spacer,.e-con>.elementor-widget-spacer>.elementor-widget-container,.e-con>.elementor-widget-spacer>.elementor-widget-container>.elementor-spacer{height:100%}.e-con-inner>.elementor-widget-spacer>.elementor-widget-container>.elementor-spacer>.elementor-spacer-inner,.e-con>.elementor-widget-spacer>.elementor-widget-container>.elementor-spacer>.elementor-spacer-inner{height:var(--container-widget-height,var(--spacer-size))}<\/style>\t\t<div class=\"elementor-spacer\">\n\t\t\t<div class=\"elementor-spacer-inner\"><\/div>\n\t\t<\/div>\n\t\t\t\t<\/div>\n\t\t\t\t<\/div>\n\t\t\t\t<div class=\"elementor-element elementor-element-229ef8e1 elementor-widget elementor-widget-text-editor\" data-id=\"229ef8e1\" data-element_type=\"widget\" data-widget_type=\"text-editor.default\">\n\t\t\t\t<div class=\"elementor-widget-container\">\n\t\t\t<style>\/*! elementor - v3.10.0 - 09-01-2023 *\/\n.elementor-widget-text-editor.elementor-drop-cap-view-stacked .elementor-drop-cap{background-color:#818a91;color:#fff}.elementor-widget-text-editor.elementor-drop-cap-view-framed .elementor-drop-cap{color:#818a91;border:3px solid;background-color:transparent}.elementor-widget-text-editor:not(.elementor-drop-cap-view-default) .elementor-drop-cap{margin-top:8px}.elementor-widget-text-editor:not(.elementor-drop-cap-view-default) .elementor-drop-cap-letter{width:1em;height:1em}.elementor-widget-text-editor .elementor-drop-cap{float:left;text-align:center;line-height:1;font-size:50px}.elementor-widget-text-editor .elementor-drop-cap-letter{display:inline-block}<\/style>\t\t\t\t<p>Veja aqui todas as orienta\u00e7\u00f5es sobre como participar dos Trabalhos Cient\u00edficos no 20\u00ba Congresso Nacional ANAMT.<\/p>\t\t\t\t\t\t<\/div>\n\t\t\t\t<\/div>\n\t\t\t\t<div class=\"elementor-element elementor-element-5834254 elementor-widget elementor-widget-spacer\" data-id=\"5834254\" data-element_type=\"widget\" data-widget_type=\"spacer.default\">\n\t\t\t\t<div class=\"elementor-widget-container\">\n\t\t\t\t\t<div class=\"elementor-spacer\">\n\t\t\t<div class=\"elementor-spacer-inner\"><\/div>\n\t\t<\/div>\n\t\t\t\t<\/div>\n\t\t\t\t<\/div>\n\t\t\t\t\t<\/div>\n\t\t<\/div>\n\t\t\t\t\t\t\t<\/div>\n\t\t<\/section>\n\t\t\t\t\t<\/div>\n\t\t<\/div>\n\t\t\t\t\t\t\t<\/div>\n\t\t<\/section>\n\t\t\t\t<section class=\"elementor-section elementor-top-section elementor-element elementor-element-44cc981b elementor-section-boxed elementor-section-height-default elementor-section-height-default\" data-id=\"44cc981b\" data-element_type=\"section\">\n\t\t\t\t\t\t<div class=\"elementor-container elementor-column-gap-no\">\n\t\t\t\t\t<div class=\"elementor-column elementor-col-100 elementor-top-column elementor-element elementor-element-255f8e06\" data-id=\"255f8e06\" data-element_type=\"column\">\n\t\t\t<div class=\"elementor-widget-wrap elementor-element-populated\">\n\t\t\t\t\t\t\t\t<section class=\"elementor-section elementor-inner-section elementor-element elementor-element-4125b64d elementor-section-boxed elementor-section-height-default elementor-section-height-default\" data-id=\"4125b64d\" data-element_type=\"section\">\n\t\t\t\t\t\t<div class=\"elementor-container elementor-column-gap-no\">\n\t\t\t\t\t<div class=\"elementor-column elementor-col-100 elementor-inner-column elementor-element elementor-element-5eed9501\" data-id=\"5eed9501\" data-element_type=\"column\">\n\t\t\t<div class=\"elementor-widget-wrap elementor-element-populated\">\n\t\t\t\t\t\t\t\t<section class=\"elementor-section elementor-inner-section elementor-element elementor-element-189b58d2 elementor-section-boxed elementor-section-height-default elementor-section-height-default\" data-id=\"189b58d2\" data-element_type=\"section\">\n\t\t\t\t\t\t<div class=\"elementor-container elementor-column-gap-no\">\n\t\t\t\t\t<div class=\"elementor-column elementor-col-100 elementor-inner-column elementor-element elementor-element-600a63a4\" data-id=\"600a63a4\" data-element_type=\"column\">\n\t\t\t<div class=\"elementor-widget-wrap elementor-element-populated\">\n\t\t\t\t\t\t\t\t<div class=\"elementor-element elementor-element-4c2a9a8 elementor-widget elementor-widget-heading\" data-id=\"4c2a9a8\" data-element_type=\"widget\" data-widget_type=\"heading.default\">\n\t\t\t\t<div class=\"elementor-widget-container\">\n\t\t\t<style>\/*! elementor - v3.10.0 - 09-01-2023 *\/\n.elementor-heading-title{padding:0;margin:0;line-height:1}.elementor-widget-heading .elementor-heading-title[class*=elementor-size-]>a{color:inherit;font-size:inherit;line-height:inherit}.elementor-widget-heading .elementor-heading-title.elementor-size-small{font-size:15px}.elementor-widget-heading .elementor-heading-title.elementor-size-medium{font-size:19px}.elementor-widget-heading .elementor-heading-title.elementor-size-large{font-size:29px}.elementor-widget-heading .elementor-heading-title.elementor-size-xl{font-size:39px}.elementor-widget-heading .elementor-heading-title.elementor-size-xxl{font-size:59px}<\/style><h2 class=\"elementor-heading-title elementor-size-default\">Trabalhos Cient\u00edficos<\/h2>\t\t<\/div>\n\t\t\t\t<\/div>\n\t\t\t\t<div class=\"elementor-element elementor-element-c600a7c elementor-widget elementor-widget-text-editor\" data-id=\"c600a7c\" data-element_type=\"widget\" data-widget_type=\"text-editor.default\">\n\t\t\t\t<div class=\"elementor-widget-container\">\n\t\t\t\t\t\t\t<p>Os trabalhos cient\u00edficos encaminhados ser\u00e3o selecionados por uma comiss\u00e3o avaliadora para apresenta\u00e7\u00e3o oral durante o evento, em sess\u00f5es espec\u00edficas ou em apresenta\u00e7\u00e3o sob forma de p\u00f4ster.<\/p><p>Ser\u00e3o escolhidos at\u00e9 10 (dez), dentre estes trabalhos, que ser\u00e3o apresentados oralmente durante as atividades dos semin\u00e1rios realizados no Congresso.<\/p><p>Todos os autores de trabalho aprovados pela Comiss\u00e3o Cient\u00edfica, independentemente das apresenta\u00e7\u00f5es orais, est\u00e3o convidados a fazer a divulga\u00e7\u00e3o sob a forma de p\u00f4ster.\u00a0<\/p><p>Em caso de d\u00favidas favor entrar em contato atrav\u00e9s do email: <a href=\"mailto:cientifico.apoio@anamt.org.br\" target=\"_blank\" rel=\"noopener\">cientifico.apoio@anamt.org.br<\/a><\/p>\t\t\t\t\t\t<\/div>\n\t\t\t\t<\/div>\n\t\t\t\t<div class=\"elementor-element elementor-element-28119fd elementor-widget elementor-widget-heading\" data-id=\"28119fd\" data-element_type=\"widget\" data-widget_type=\"heading.default\">\n\t\t\t\t<div class=\"elementor-widget-container\">\n\t\t\t<h4 class=\"elementor-heading-title elementor-size-default\">Rela\u00e7\u00e3o de trabalhos cient\u00edficos selecionados para apresenta\u00e7\u00e3o oral<\/h4>\t\t<\/div>\n\t\t\t\t<\/div>\n\t\t\t\t<div class=\"elementor-element elementor-element-9272995 elementor-widget elementor-widget-text-editor\" data-id=\"9272995\" data-element_type=\"widget\" data-widget_type=\"text-editor.default\">\n\t\t\t\t<div class=\"elementor-widget-container\">\n\t\t\t\t\t\t\t<p><a href=\"https:\/\/congresso2023.anamt.org.br\/wp-content\/uploads\/2023\/11\/lista-trabalhos-cientificos-selecionados-apresentacao-oral-congresso-2023.pdf\" target=\"_blank\" rel=\"noopener\">Clique aqui e conhe\u00e7a os trabalhos cient\u00edficos selecionados para apresenta\u00e7\u00e3o oral<\/a><\/p><p><a href=\"https:\/\/congresso2023.anamt.org.br\/wp-content\/uploads\/2023\/11\/modelo-apresentacao-trabalho-cientifico-padrao-2023-v1.pptx\" target=\"_blank\" rel=\"noopener\">Clique aqui para fazer o download do modelo de apresenta\u00e7\u00e3o em Power Point<\/a><\/p>\t\t\t\t\t\t<\/div>\n\t\t\t\t<\/div>\n\t\t\t\t<div class=\"elementor-element elementor-element-fc62c6d elementor-widget elementor-widget-heading\" data-id=\"fc62c6d\" data-element_type=\"widget\" data-widget_type=\"heading.default\">\n\t\t\t\t<div class=\"elementor-widget-container\">\n\t\t\t<h4 class=\"elementor-heading-title elementor-size-default\">Rela\u00e7\u00e3o de trabalhos cient\u00edficos selecionados para e-p\u00f4ster<\/h4>\t\t<\/div>\n\t\t\t\t<\/div>\n\t\t\t\t<div class=\"elementor-element elementor-element-21df32f elementor-widget elementor-widget-text-editor\" data-id=\"21df32f\" data-element_type=\"widget\" data-widget_type=\"text-editor.default\">\n\t\t\t\t<div class=\"elementor-widget-container\">\n\t\t\t\t\t\t\t<p><a href=\"https:\/\/congresso2023.anamt.org.br\/wp-content\/uploads\/2023\/11\/lista-trabalhos-cientificos-selecionados-apresentacao-eposter-congresso-2023-v3.pdf\" target=\"_blank\" rel=\"noopener\">Clique aqui e conhe\u00e7a os trabalhos cient\u00edficos selecionados para e-p\u00f4ster<\/a><\/p><p>Clique para fazer o download de um dos <strong>Modelo de e-p\u00f4ster dispon\u00edveis: <a href=\"https:\/\/congresso2023.anamt.org.br\/wp-content\/uploads\/2023\/11\/modelo-e-poster-1.docx\" target=\"_blank\" rel=\"noopener\">Modelo 1<\/a>\u00a0ou\u00a0<a href=\"https:\/\/congresso2023.anamt.org.br\/wp-content\/uploads\/2023\/11\/modelo-e-poster-2docx.docx\" target=\"_blank\" rel=\"noopener\">Modelo 2<\/a><\/strong><\/p><p><em><span style=\"color: #ff0000;\"><strong>ATEN\u00c7\u00c3O: O prazo final para preenchimento do formul\u00e1rio e envio do e-p\u00f4ster \u00e9 at\u00e9 o dia 17\/11\/2023.<\/strong><\/span><\/em><\/p>\t\t\t\t\t\t<\/div>\n\t\t\t\t<\/div>\n\t\t\t\t<div class=\"elementor-element elementor-element-5f649e3 elementor-widget elementor-widget-button\" data-id=\"5f649e3\" data-element_type=\"widget\" data-widget_type=\"button.default\">\n\t\t\t\t<div class=\"elementor-widget-container\">\n\t\t\t\t\t<div class=\"elementor-button-wrapper\">\n\t\t\t<a href=\"https:\/\/congresso2023.anamt.org.br\/?page_id=1576\" target=\"_blank\" class=\"elementor-button-link elementor-button elementor-size-sm\" role=\"button\">\n\t\t\t\t\t\t<span class=\"elementor-button-content-wrapper\">\n\t\t\t\t\t\t<span class=\"elementor-button-text\">CLIQUE AQUI PARA ENVIAR O ARQUIVO PDF E PNG PARA APRESENTA\u00c7\u00c3O DO E-P\u00d4STER<\/span>\n\t\t<\/span>\n\t\t\t\t\t<\/a>\n\t\t<\/div>\n\t\t\t\t<\/div>\n\t\t\t\t<\/div>\n\t\t\t\t<div class=\"elementor-element elementor-element-aff2d41 elementor-widget elementor-widget-heading\" data-id=\"aff2d41\" data-element_type=\"widget\" data-widget_type=\"heading.default\">\n\t\t\t\t<div class=\"elementor-widget-container\">\n\t\t\t<h4 class=\"elementor-heading-title elementor-size-default\">\u00c1rea de inscri\u00e7\u00e3o, documentos e tutoriais<\/h4>\t\t<\/div>\n\t\t\t\t<\/div>\n\t\t\t\t<div class=\"elementor-element elementor-element-3f90162 elementor-widget elementor-widget-text-editor\" data-id=\"3f90162\" data-element_type=\"widget\" data-widget_type=\"text-editor.default\">\n\t\t\t\t<div class=\"elementor-widget-container\">\n\t\t\t\t\t\t\t<p><a href=\"https:\/\/congresso2023.anamt.org.br\/wp-content\/uploads\/2023\/08\/edital-chamada-trabalhos-cientificos-20-congresso-anamt-v4.pdf\" target=\"_blank\" rel=\"noopener\">Clique aqui e acompanhe o\u00a0<strong>Edital de Chamada para Trabalhos Cient\u00edficos<\/strong>.<\/a><\/p><p><a href=\"https:\/\/congresso2023.anamt.org.br\/wp-content\/uploads\/2023\/04\/cessao-de-direitos-autorais-anexo-b.pdf\" target=\"_blank\" rel=\"noopener\">Clique para fazer o download do\u00a0<strong>Anexo B \u2013 Cess\u00e3o de Direitos Autorais<\/strong>.<\/a><\/p><p><a href=\"https:\/\/sistemasanamt.org.br\/anamt\/trabalhocientifico\/candidato\/downloads\/video-orientacao-inscricao-trabalho-cientifico-congresso-2023.mp4\" target=\"_blank\" rel=\"noopener\">Clique para assistir ao <strong>Tutorial de Orienta\u00e7\u00e3o<\/strong><\/a><\/p><p><a href=\"https:\/\/congresso2023.anamt.org.br\/wp-content\/uploads\/2023\/05\/template-modelo-de-resumo-v1.docx\" target=\"_blank\" rel=\"noopener\">Clique para fazer o download do <strong>Modelo de Resumo<\/strong><\/a><\/p>\t\t\t\t\t\t<\/div>\n\t\t\t\t<\/div>\n\t\t\t\t<div class=\"elementor-element elementor-element-92dba1e elementor-widget elementor-widget-button\" data-id=\"92dba1e\" data-element_type=\"widget\" data-widget_type=\"button.default\">\n\t\t\t\t<div class=\"elementor-widget-container\">\n\t\t\t\t\t<div class=\"elementor-button-wrapper\">\n\t\t\t<a href=\"https:\/\/sistemasanamt.org.br\/anamt\/trabalhocientifico\/inscricoes\/painel_controle.aspx\" target=\"_blank\" class=\"elementor-button-link elementor-button elementor-size-sm\" role=\"button\">\n\t\t\t\t\t\t<span class=\"elementor-button-content-wrapper\">\n\t\t\t\t\t\t<span class=\"elementor-button-text\">CLIQUE AQUI PARA INSCRI\u00c7\u00c3O DO SEU TRABALHO CIENT\u00cdFICO<\/span>\n\t\t<\/span>\n\t\t\t\t\t<\/a>\n\t\t<\/div>\n\t\t\t\t<\/div>\n\t\t\t\t<\/div>\n\t\t\t\t\t<\/div>\n\t\t<\/div>\n\t\t\t\t\t\t\t<\/div>\n\t\t<\/section>\n\t\t\t\t\t<\/div>\n\t\t<\/div>\n\t\t\t\t\t\t\t<\/div>\n\t\t<\/section>\n\t\t\t\t\t<\/div>\n\t\t<\/div>\n\t\t\t\t\t\t\t<\/div>\n\t\t<\/section>\n\t\t\t\t\t\t\t<\/div>\n\t\t","protected":false},"excerpt":{"rendered":"<p>Trabalhos Cient\u00edficos O congresso Veja aqui todas as orienta\u00e7\u00f5es sobre como participar dos Trabalhos Cient\u00edficos no 20\u00ba Congresso Nacional ANAMT. Trabalhos Cient\u00edficos Os trabalhos cient\u00edficos encaminhados ser\u00e3o selecionados por uma comiss\u00e3o avaliadora para apresenta\u00e7\u00e3o oral durante o evento, em sess\u00f5es espec\u00edficas ou em apresenta\u00e7\u00e3o sob forma de p\u00f4ster. Ser\u00e3o escolhidos at\u00e9 10 (dez), dentre estes [&hellip;]<\/p>\n","protected":false},"author":3,"featured_media":0,"parent":0,"menu_order":0,"comment_status":"closed","ping_status":"closed","template":"elementor_header_footer","meta":{"_joinchat":[],"footnotes":""},"class_list":["post-502","page","type-page","status-publish","hentry"],"_links":{"self":[{"href":"https:\/\/congresso2023.anamt.org.br\/index.php?rest_route=\/wp\/v2\/pages\/502","targetHints":{"allow":["GET"]}}],"collection":[{"href":"https:\/\/congresso2023.anamt.org.br\/index.php?rest_route=\/wp\/v2\/pages"}],"about":[{"href":"https:\/\/congresso2023.anamt.org.br\/index.php?rest_route=\/wp\/v2\/types\/page"}],"author":[{"embeddable":true,"href":"https:\/\/congresso2023.anamt.org.br\/index.php?rest_route=\/wp\/v2\/users\/3"}],"replies":[{"embeddable":true,"href":"https:\/\/congresso2023.anamt.org.br\/index.php?rest_route=%2Fwp%2Fv2%2Fcomments&post=502"}],"version-history":[{"count":94,"href":"https:\/\/congresso2023.anamt.org.br\/index.php?rest_route=\/wp\/v2\/pages\/502\/revisions"}],"predecessor-version":[{"id":1772,"href":"https:\/\/congresso2023.anamt.org.br\/index.php?rest_route=\/wp\/v2\/pages\/502\/revisions\/1772"}],"wp:attachment":[{"href":"https:\/\/congresso2023.anamt.org.br\/index.php?rest_route=%2Fwp%2Fv2%2Fmedia&parent=502"}],"curies":[{"name":"wp","href":"https:\/\/api.w.org\/{rel}","templated":true}]}}